{"id":13454,"date":"2020-06-15T14:08:12","date_gmt":"2020-06-15T13:08:12","guid":{"rendered":"http:\/\/www.my-olympe.com\/?page_id=13454"},"modified":"2020-06-17T14:10:48","modified_gmt":"2020-06-17T13:10:48","slug":"integration","status":"publish","type":"page","link":"https:\/\/www.my-olympe.com\/index.php\/integration\/","title":{"rendered":"Int\u00e9gration"},"content":{"rendered":"<p>[et_pb_section fb_built=\u00a0\u00bb1&Prime; _builder_version=\u00a0\u00bb3.22&Prime; custom_margin=\u00a0\u00bb||3px|||\u00a0\u00bb][et_pb_row _builder_version=\u00a0\u00bb3.26.6&Prime;][et_pb_column type=\u00a0\u00bb4_4&Prime; _builder_version=\u00a0\u00bb3.26.6&Prime;][et_pb_text _builder_version=\u00a0\u00bb3.26.6&Prime; text_text_align=\u00a0\u00bbcenter\u00a0\u00bb text_font_size=\u00a0\u00bb45px\u00a0\u00bb text_letter_spacing=\u00a0\u00bb15px\u00a0\u00bb text_line_height=\u00a0\u00bb1.2em\u00a0\u00bb text_orientation=\u00a0\u00bbcenter\u00a0\u00bb]<\/p>\n<p><span style=\"text-decoration: underline;\"><strong><span style=\"color: #000000; text-decoration: underline;\">Int\u00e9gration<\/span><\/strong><\/span><\/p>\n<h4><\/h4>\n<p><strong><span style=\"color: #000000;\"><\/span><\/strong><\/p>\n<p>[\/et_pb_text][\/et_pb_column][\/et_pb_row][et_pb_row _builder_version=\u00a0\u00bb3.26.6&Prime; min_height=\u00a0\u00bb97px\u00a0\u00bb custom_padding=\u00a0\u00bb17px|||||\u00a0\u00bb][et_pb_column type=\u00a0\u00bb4_4&Prime; _builder_version=\u00a0\u00bb3.26.6&Prime;][et_pb_text _builder_version=\u00a0\u00bb3.26.6&Prime; transform_translate=\u00a0\u00bb2px|-72px\u00a0\u00bb transform_translate_linked=\u00a0\u00bboff\u00a0\u00bb]<\/p>\n<h3 style=\"text-align: center;\"><span>Programmation de syst\u00e8mes \u00e9lectriques et domotique &amp;d\u00e9veloppement d&rsquo;interfaces informatiques de supervision (GTB \/GTC)<\/span><\/h3>\n<p>[\/et_pb_text][\/et_pb_column][\/et_pb_row][et_pb_row column_structure=\u00a0\u00bb1_3,1_3,1_3&Prime; _builder_version=\u00a0\u00bb3.26.6&Prime; width=\u00a0\u00bb60.9%\u00a0\u00bb custom_margin=\u00a0\u00bb|645px||646px||\u00a0\u00bb custom_padding=\u00a0\u00bb|0px||||\u00a0\u00bb][et_pb_column type=\u00a0\u00bb1_3&Prime; _builder_version=\u00a0\u00bb3.26.6&Prime;][et_pb_text _builder_version=\u00a0\u00bb3.26.6&Prime;]<\/p>\n<h2><strong><span style=\"text-decoration: underline;\">DOMAINES D&rsquo;EXPERTISE<\/span><\/strong><\/h2>\n<ul>\n<li><span style=\"font-family: inherit;\">Electricit\u00e9\/ Domotique(smart Building)<\/span><\/li>\n<li><span style=\"font-family: inherit;\">GTB \/ GTC<\/span><\/li>\n<li><span style=\"font-family: inherit;\">Audio \/Vid\u00e9o<\/span><\/li>\n<li><span style=\"font-family: inherit;\">T\u00e9l\u00e9phonie sur IP, Interphonie et Contr\u00f4le d&rsquo;Acc\u00e8s<\/span><\/li>\n<li><span style=\"font-family: inherit;\">Vid\u00e9o-Surveillance et logiciels de gestion VMS par Intelligence Artificielle<\/span><\/li>\n<li><span style=\"font-family: inherit;\">Informatique et syst\u00e8mes d&rsquo;informations (SI) : <\/span>\n<ul>\n<li><span style=\"font-family: inherit;\">Syst\u00e8mes et R\u00e9seaux<\/span><\/li>\n<li><span style=\"font-family: inherit;\">D\u00e9veloppement sp\u00e9cifiques : d\u00e9veloppement sur mesure d&rsquo;application d&rsquo;affichage sur TV, Tablettes ou SmartPhones (consommation \u00e9nerg\u00e9tique)<\/span><\/li>\n<\/ul>\n<\/li>\n<\/ul>\n<p>&nbsp;<\/p>\n<p>[\/et_pb_text][\/et_pb_column][et_pb_column type=\u00a0\u00bb1_3&Prime; _builder_version=\u00a0\u00bb3.26.6&Prime;][et_pb_image src=\u00a0\u00bbhttp:\/\/www.my-olympe.com\/wp-content\/uploads\/2020\/06\/sch\u00e9ma.jpg\u00a0\u00bb align=\u00a0\u00bbcenter\u00a0\u00bb _builder_version=\u00a0\u00bb3.26.6&Prime; transform_scale=\u00a0\u00bb128%|128%\u00a0\u00bb transform_translate=\u00a0\u00bb167px|-3px\u00a0\u00bb][\/et_pb_image][\/et_pb_column][et_pb_column type=\u00a0\u00bb1_3&Prime; _builder_version=\u00a0\u00bb3.26.6&Prime;][\/et_pb_column][\/et_pb_row][et_pb_row column_structure=\u00a0\u00bb1_2,1_2&Prime; _builder_version=\u00a0\u00bb3.26.6&Prime;][et_pb_column type=\u00a0\u00bb1_2&Prime; _builder_version=\u00a0\u00bb3.26.6&Prime;][et_pb_text _builder_version=\u00a0\u00bb3.26.6&Prime; text_font_size=\u00a0\u00bb16px\u00a0\u00bb header_font_size=\u00a0\u00bb14px\u00a0\u00bb]<\/p>\n<h3><span style=\"text-decoration: underline;\"><strong>PLANIFICATION DE PROJET<\/strong><\/span><\/h3>\n<ul>\n<li>\n<p>Audit Pr\u00e9cis du besoin , r\u00e9daction de cahier de fonction techniques<\/p>\n<\/li>\n<li>\n<p>Etude de projet et proposition de solution adapt\u00e9es (neuf ou r\u00e9novation)<\/p>\n<\/li>\n<li>\n<p>Chiffrage et coordination avec\u00a0 les acteurs concern\u00e9s<\/p>\n<\/li>\n<li>\n<p>Accompagnement durant tout le projet<\/p>\n<\/li>\n<li>\n<p>Int\u00e9gration (programmation) des modules install\u00e9s selon l&rsquo;Audit<\/p>\n<\/li>\n<\/ul>\n<p><em><strong>Ind\u00e9pendant des fabricants, MY OLYMPE\u00a0 met en oeuvre la solution technique la mieux adapt\u00e9e<\/strong><\/em><\/p>\n<p>[\/et_pb_text][\/et_pb_column][et_pb_column type=\u00a0\u00bb1_2&Prime; _builder_version=\u00a0\u00bb3.26.6&Prime;][et_pb_text _builder_version=\u00a0\u00bb3.26.6&Prime;]<\/p>\n<h3 style=\"text-align: center;\"><strong><span style=\"text-decoration: underline; font-family: inherit;\">INTEGRATION ET CONFIGURATION DES EQUIPEMENTS<\/span><\/strong><\/h3>\n<ul>\n<li><span style=\"font-size: medium; font-family: inherit; font-weight: normal;\">Choix de protocoles de communication<\/span><\/li>\n<li><span style=\"font-size: medium; font-family: inherit; font-weight: normal;\">Interfa\u00e7age avec des syst\u00e8mes existants<\/span><\/li>\n<li><span style=\"font-size: medium; font-family: inherit; font-weight: normal;\">Cr\u00e9ation d&rsquo;automatismes et de sc\u00e9narios<\/span><\/li>\n<li><span style=\"font-size: medium; font-family: inherit; font-weight: normal;\">R\u00e9daction de documentation technique<\/span><\/li>\n<li><span style=\"font-size: medium; font-family: inherit; font-weight: normal;\">Prestations informatiques compl\u00e9mentaires : syst\u00e8mes \/ r\u00e9seaux \/ serveurs<\/span><\/li>\n<li><span style=\"font-size: medium; font-family: inherit; font-weight: normal;\">Suivi installation, Support , Contrat de maintenance&#8230;<\/span><\/li>\n<\/ul>\n<p>[\/et_pb_text][\/et_pb_column][\/et_pb_row][\/et_pb_section]<\/p>\n","protected":false},"excerpt":{"rendered":"<p>[et_pb_section fb_built=\u00a0\u00bb1&Prime; _builder_version=\u00a0\u00bb3.22&Prime; custom_margin=\u00a0\u00bb||3px|||\u00a0\u00bb][et_pb_row _builder_version=\u00a0\u00bb3.26.6&Prime;][et_pb_column type=\u00a0\u00bb4_4&Prime; _builder_version=\u00a0\u00bb3.26.6&Prime;][et_pb_text _builder_version=\u00a0\u00bb3.26.6&Prime; text_text_align=\u00a0\u00bbcenter\u00a0\u00bb text_font_size=\u00a0\u00bb45px\u00a0\u00bb text_letter_spacing=\u00a0\u00bb15px\u00a0\u00bb text_line_height=\u00a0\u00bb1.2em\u00a0\u00bb text_orientation=\u00a0\u00bbcenter\u00a0\u00bb] Int\u00e9gration [\/et_pb_text][\/et_pb_column][\/et_pb_row][et_pb_row _builder_version=\u00a0\u00bb3.26.6&Prime; min_height=\u00a0\u00bb97px\u00a0\u00bb custom_padding=\u00a0\u00bb17px|||||\u00a0\u00bb][et_pb_column type=\u00a0\u00bb4_4&Prime; _builder_version=\u00a0\u00bb3.26.6&Prime;][et_pb_text _builder_version=\u00a0\u00bb3.26.6&Prime; transform_translate=\u00a0\u00bb2px|-72px\u00a0\u00bb transform_translate_linked=\u00a0\u00bboff\u00a0\u00bb] Programmation de syst\u00e8mes \u00e9lectriques et domotique &amp;d\u00e9veloppement d&rsquo;interfaces informatiques de supervision (GTB \/GTC) [\/et_pb_text][\/et_pb_column][\/et_pb_row][et_pb_row column_structure=\u00a0\u00bb1_3,1_3,1_3&Prime; _builder_version=\u00a0\u00bb3.26.6&Prime; width=\u00a0\u00bb60.9%\u00a0\u00bb custom_margin=\u00a0\u00bb|645px||646px||\u00a0\u00bb custom_padding=\u00a0\u00bb|0px||||\u00a0\u00bb][et_pb_column type=\u00a0\u00bb1_3&Prime; _builder_version=\u00a0\u00bb3.26.6&Prime;][et_pb_text _builder_version=\u00a0\u00bb3.26.6&Prime;] DOMAINES D&rsquo;EXPERTISE Electricit\u00e9\/ Domotique(smart Building) GTB \/ GTC Audio \/Vid\u00e9o [&hellip;]<\/p>\n","protected":false},"author":1,"featured_media":0,"parent":0,"menu_order":0,"comment_status":"closed","ping_status":"closed","template":"","meta":{"_et_pb_use_builder":"on","_et_pb_old_content":"<!-- wp:heading -->\n<h2><strong><span style=\"text-decoration: underline;\">Int\u00e9gration<\/span><\/strong><\/h2>\n<!-- \/wp:heading -->\n\n<!-- wp:heading {\"level\":4} -->\n<h4><strong><span style=\"text-decoration: underline;\">Domaines d\u2019expertise pour de l\u2019int\u00e9gration :<\/span><\/strong><\/h4>\n<!-- \/wp:heading -->\n\n<!-- wp:paragraph -->\n<p><\/p>\n<!-- \/wp:paragraph -->\n\n<!-- wp:list -->\n<ul><li>Electricit\u00e9 \/ Domotique (smart Building)<\/li><li>GTB \/ GTC<\/li><li>Audio \/ Vid\u00e9o<\/li><li>T\u00e9l\u00e9phonie sur IP, Interphonie et Contr\u00f4le d\u2019Acc\u00e8s<\/li><li>Vid\u00e9o-Surveillance et logiciels de gestion VMS par Intelligence Artificielle<\/li><li>Syst\u00e8mes d\u2019information et Informatique\u00a0:<ul><li>Syst\u00e8mes et R\u00e9seaux\u00a0<\/li><li>D\u00e9veloppements sp\u00e9cifiques\u00a0: d\u00e9veloppement sur mesure d\u2019application d\u2019affichage sur TV, tablettes ou SmartPhones (consommations \u00e9nerg\u00e9tiques, )<\/li><\/ul><\/li><\/ul>\n<!-- \/wp:list -->\n\n<!-- wp:paragraph -->\n<p>Programmation de syst\u00e8mes \u00e9lectriques et domotiques et d\u00e9veloppement d\u2019interfaces informatiques de supervision (GTB \/ GTC).<\/p>\n<!-- \/wp:paragraph -->\n\n<!-- wp:heading {\"level\":4} -->\n<h4><span style=\"text-decoration: underline;\"><strong><em>Planification de projet<\/em><\/strong><\/span><\/h4>\n<!-- \/wp:heading -->\n\n<!-- wp:list -->\n<ul><li><strong>Audit pr\u00e9cis<\/strong> du besoin, r\u00e9daction de cahier de fonction techniques, <\/li><li><strong>\u00c9tudes de projet<\/strong> et propositions de solutions adapt\u00e9es (neuf ou r\u00e9novation),<\/li><li><strong>Chiffrage<\/strong> et coordination avec les acteurs concern\u00e9s,<\/li><li><strong>Accompagnement<\/strong> durant tout le projet,<\/li><li><strong>Int\u00e9gration <\/strong>(programmation) des modules install\u00e9s selon l\u2019Audit.<\/li><\/ul>\n<!-- \/wp:list -->\n\n<!-- wp:paragraph -->\n<p><strong>Ind\u00e9pendant des fabricants, MY OLYMPE met en \u0153uvre la solution technique la mieux adapt\u00e9e<\/strong><\/p>\n<!-- \/wp:paragraph -->\n\n<!-- wp:heading {\"align\":\"left\",\"level\":3} -->\n<h3 class=\"has-text-align-left\"><strong><span style=\"text-decoration: underline;\">INT\u00c9GRATION ET CONFIGURATION DES \u00c9QUIPEMENTS<\/span><\/strong><\/h3>\n<!-- \/wp:heading -->\n\n<!-- wp:list -->\n<ul><li><strong>Choix de protocoles de communication,<\/strong><\/li><li><strong>Interfa\u00e7age<\/strong> avec des syst\u00e8mes existants,<\/li><li>Cr\u00e9ation d<strong>'automatismes<\/strong> et de <strong>sc\u00e9narios<\/strong>,<\/li><li><strong>R\u00e9daction de documentation<\/strong> technique,<\/li><li><strong>Prestations informatiques<\/strong> compl\u00e9mentaires\u00a0: syst\u00e8mes \/ r\u00e9seaux \/ serveurs,<\/li><li><strong>Suivi installation, Support, Contrat de maintenance\u2026<\/strong><\/li><\/ul>\n<!-- \/wp:list -->","footnotes":""},"class_list":["post-13454","page","type-page","status-publish","hentry"],"yoast_head":"<!-- This site is optimized with the Yoast SEO plugin v27.6 - https:\/\/yoast.com\/product\/yoast-seo-wordpress\/ -->\n<title>Int\u00e9gration - MY OLYMPE<\/title>\n<meta name=\"robots\" content=\"index, follow, max-snippet:-1, max-image-preview:large, max-video-preview:-1\" \/>\n<link rel=\"canonical\" href=\"http:\/\/www.my-olympe.com\/index.php\/integration\/\" \/>\n<meta property=\"og:locale\" content=\"fr_FR\" \/>\n<meta property=\"og:type\" content=\"article\" \/>\n<meta property=\"og:title\" content=\"Int\u00e9gration - MY OLYMPE\" \/>\n<meta property=\"og:description\" content=\"[et_pb_section fb_built=\u00a0\u00bb1&Prime; _builder_version=\u00a0\u00bb3.22&Prime; custom_margin=\u00a0\u00bb||3px|||\u00a0\u00bb][et_pb_row _builder_version=\u00a0\u00bb3.26.6&Prime;][et_pb_column type=\u00a0\u00bb4_4&Prime; _builder_version=\u00a0\u00bb3.26.6&Prime;][et_pb_text _builder_version=\u00a0\u00bb3.26.6&Prime; text_text_align=\u00a0\u00bbcenter\u00a0\u00bb text_font_size=\u00a0\u00bb45px\u00a0\u00bb text_letter_spacing=\u00a0\u00bb15px\u00a0\u00bb text_line_height=\u00a0\u00bb1.2em\u00a0\u00bb text_orientation=\u00a0\u00bbcenter\u00a0\u00bb] Int\u00e9gration [\/et_pb_text][\/et_pb_column][\/et_pb_row][et_pb_row _builder_version=\u00a0\u00bb3.26.6&Prime; min_height=\u00a0\u00bb97px\u00a0\u00bb custom_padding=\u00a0\u00bb17px|||||\u00a0\u00bb][et_pb_column type=\u00a0\u00bb4_4&Prime; _builder_version=\u00a0\u00bb3.26.6&Prime;][et_pb_text _builder_version=\u00a0\u00bb3.26.6&Prime; transform_translate=\u00a0\u00bb2px|-72px\u00a0\u00bb transform_translate_linked=\u00a0\u00bboff\u00a0\u00bb] Programmation de syst\u00e8mes \u00e9lectriques et domotique &amp;d\u00e9veloppement d&rsquo;interfaces informatiques de supervision (GTB \/GTC) [\/et_pb_text][\/et_pb_column][\/et_pb_row][et_pb_row column_structure=\u00a0\u00bb1_3,1_3,1_3&Prime; _builder_version=\u00a0\u00bb3.26.6&Prime; width=\u00a0\u00bb60.9%\u00a0\u00bb custom_margin=\u00a0\u00bb|645px||646px||\u00a0\u00bb custom_padding=\u00a0\u00bb|0px||||\u00a0\u00bb][et_pb_column type=\u00a0\u00bb1_3&Prime; _builder_version=\u00a0\u00bb3.26.6&Prime;][et_pb_text _builder_version=\u00a0\u00bb3.26.6&Prime;] DOMAINES D&rsquo;EXPERTISE Electricit\u00e9\/ Domotique(smart Building) GTB \/ GTC Audio \/Vid\u00e9o [&hellip;]\" \/>\n<meta property=\"og:url\" content=\"http:\/\/www.my-olympe.com\/index.php\/integration\/\" \/>\n<meta property=\"og:site_name\" content=\"MY OLYMPE\" \/>\n<meta property=\"article:publisher\" content=\"https:\/\/www.facebook.com\/MyOlympe\/\" \/>\n<meta property=\"article:modified_time\" content=\"2020-06-17T13:10:48+00:00\" \/>\n<meta name=\"twitter:card\" content=\"summary_large_image\" \/>\n<meta name=\"twitter:site\" content=\"@myolympe\" \/>\n<meta name=\"twitter:label1\" content=\"Dur\u00e9e de lecture estim\u00e9e\" \/>\n\t<meta name=\"twitter:data1\" content=\"2 minutes\" \/>\n<script type=\"application\/ld+json\" class=\"yoast-schema-graph\">{\"@context\":\"https:\\\/\\\/schema.org\",\"@graph\":[{\"@type\":\"WebPage\",\"@id\":\"http:\\\/\\\/www.my-olympe.com\\\/index.php\\\/integration\\\/\",\"url\":\"http:\\\/\\\/www.my-olympe.com\\\/index.php\\\/integration\\\/\",\"name\":\"Int\u00e9gration - MY OLYMPE\",\"isPartOf\":{\"@id\":\"http:\\\/\\\/www.my-olympe.com\\\/#website\"},\"datePublished\":\"2020-06-15T13:08:12+00:00\",\"dateModified\":\"2020-06-17T13:10:48+00:00\",\"breadcrumb\":{\"@id\":\"http:\\\/\\\/www.my-olympe.com\\\/index.php\\\/integration\\\/#breadcrumb\"},\"inLanguage\":\"fr-FR\",\"potentialAction\":[{\"@type\":\"ReadAction\",\"target\":[\"http:\\\/\\\/www.my-olympe.com\\\/index.php\\\/integration\\\/\"]}]},{\"@type\":\"BreadcrumbList\",\"@id\":\"http:\\\/\\\/www.my-olympe.com\\\/index.php\\\/integration\\\/#breadcrumb\",\"itemListElement\":[{\"@type\":\"ListItem\",\"position\":1,\"name\":\"Accueil\",\"item\":\"https:\\\/\\\/www.my-olympe.com\\\/\"},{\"@type\":\"ListItem\",\"position\":2,\"name\":\"Int\u00e9gration\"}]},{\"@type\":\"WebSite\",\"@id\":\"http:\\\/\\\/www.my-olympe.com\\\/#website\",\"url\":\"http:\\\/\\\/www.my-olympe.com\\\/\",\"name\":\"MY OLYMPE\",\"description\":\"Smart Building &amp; Solutions Connect\u00e9es\",\"potentialAction\":[{\"@type\":\"SearchAction\",\"target\":{\"@type\":\"EntryPoint\",\"urlTemplate\":\"http:\\\/\\\/www.my-olympe.com\\\/?s={search_term_string}\"},\"query-input\":{\"@type\":\"PropertyValueSpecification\",\"valueRequired\":true,\"valueName\":\"search_term_string\"}}],\"inLanguage\":\"fr-FR\"}]}<\/script>\n<!-- \/ Yoast SEO plugin. -->","yoast_head_json":{"title":"Int\u00e9gration - MY OLYMPE","robots":{"index":"index","follow":"follow","max-snippet":"max-snippet:-1","max-image-preview":"max-image-preview:large","max-video-preview":"max-video-preview:-1"},"canonical":"http:\/\/www.my-olympe.com\/index.php\/integration\/","og_locale":"fr_FR","og_type":"article","og_title":"Int\u00e9gration - MY OLYMPE","og_description":"[et_pb_section fb_built=\u00a0\u00bb1&Prime; _builder_version=\u00a0\u00bb3.22&Prime; custom_margin=\u00a0\u00bb||3px|||\u00a0\u00bb][et_pb_row _builder_version=\u00a0\u00bb3.26.6&Prime;][et_pb_column type=\u00a0\u00bb4_4&Prime; _builder_version=\u00a0\u00bb3.26.6&Prime;][et_pb_text _builder_version=\u00a0\u00bb3.26.6&Prime; text_text_align=\u00a0\u00bbcenter\u00a0\u00bb text_font_size=\u00a0\u00bb45px\u00a0\u00bb text_letter_spacing=\u00a0\u00bb15px\u00a0\u00bb text_line_height=\u00a0\u00bb1.2em\u00a0\u00bb text_orientation=\u00a0\u00bbcenter\u00a0\u00bb] Int\u00e9gration [\/et_pb_text][\/et_pb_column][\/et_pb_row][et_pb_row _builder_version=\u00a0\u00bb3.26.6&Prime; min_height=\u00a0\u00bb97px\u00a0\u00bb custom_padding=\u00a0\u00bb17px|||||\u00a0\u00bb][et_pb_column type=\u00a0\u00bb4_4&Prime; _builder_version=\u00a0\u00bb3.26.6&Prime;][et_pb_text _builder_version=\u00a0\u00bb3.26.6&Prime; transform_translate=\u00a0\u00bb2px|-72px\u00a0\u00bb transform_translate_linked=\u00a0\u00bboff\u00a0\u00bb] Programmation de syst\u00e8mes \u00e9lectriques et domotique &amp;d\u00e9veloppement d&rsquo;interfaces informatiques de supervision (GTB \/GTC) [\/et_pb_text][\/et_pb_column][\/et_pb_row][et_pb_row column_structure=\u00a0\u00bb1_3,1_3,1_3&Prime; _builder_version=\u00a0\u00bb3.26.6&Prime; width=\u00a0\u00bb60.9%\u00a0\u00bb custom_margin=\u00a0\u00bb|645px||646px||\u00a0\u00bb custom_padding=\u00a0\u00bb|0px||||\u00a0\u00bb][et_pb_column type=\u00a0\u00bb1_3&Prime; _builder_version=\u00a0\u00bb3.26.6&Prime;][et_pb_text _builder_version=\u00a0\u00bb3.26.6&Prime;] DOMAINES D&rsquo;EXPERTISE Electricit\u00e9\/ Domotique(smart Building) GTB \/ GTC Audio \/Vid\u00e9o [&hellip;]","og_url":"http:\/\/www.my-olympe.com\/index.php\/integration\/","og_site_name":"MY OLYMPE","article_publisher":"https:\/\/www.facebook.com\/MyOlympe\/","article_modified_time":"2020-06-17T13:10:48+00:00","twitter_card":"summary_large_image","twitter_site":"@myolympe","twitter_misc":{"Dur\u00e9e de lecture estim\u00e9e":"2 minutes"},"schema":{"@context":"https:\/\/schema.org","@graph":[{"@type":"WebPage","@id":"http:\/\/www.my-olympe.com\/index.php\/integration\/","url":"http:\/\/www.my-olympe.com\/index.php\/integration\/","name":"Int\u00e9gration - MY OLYMPE","isPartOf":{"@id":"http:\/\/www.my-olympe.com\/#website"},"datePublished":"2020-06-15T13:08:12+00:00","dateModified":"2020-06-17T13:10:48+00:00","breadcrumb":{"@id":"http:\/\/www.my-olympe.com\/index.php\/integration\/#breadcrumb"},"inLanguage":"fr-FR","potentialAction":[{"@type":"ReadAction","target":["http:\/\/www.my-olympe.com\/index.php\/integration\/"]}]},{"@type":"BreadcrumbList","@id":"http:\/\/www.my-olympe.com\/index.php\/integration\/#breadcrumb","itemListElement":[{"@type":"ListItem","position":1,"name":"Accueil","item":"https:\/\/www.my-olympe.com\/"},{"@type":"ListItem","position":2,"name":"Int\u00e9gration"}]},{"@type":"WebSite","@id":"http:\/\/www.my-olympe.com\/#website","url":"http:\/\/www.my-olympe.com\/","name":"MY OLYMPE","description":"Smart Building &amp; Solutions Connect\u00e9es","potentialAction":[{"@type":"SearchAction","target":{"@type":"EntryPoint","urlTemplate":"http:\/\/www.my-olympe.com\/?s={search_term_string}"},"query-input":{"@type":"PropertyValueSpecification","valueRequired":true,"valueName":"search_term_string"}}],"inLanguage":"fr-FR"}]}},"jetpack_sharing_enabled":true,"jetpack_shortlink":"https:\/\/wp.me\/P7JYxQ-3v0","jetpack-related-posts":[],"jetpack_likes_enabled":true,"_links":{"self":[{"href":"https:\/\/www.my-olympe.com\/index.php\/wp-json\/wp\/v2\/pages\/13454","targetHints":{"allow":["GET"]}}],"collection":[{"href":"https:\/\/www.my-olympe.com\/index.php\/wp-json\/wp\/v2\/pages"}],"about":[{"href":"https:\/\/www.my-olympe.com\/index.php\/wp-json\/wp\/v2\/types\/page"}],"author":[{"embeddable":true,"href":"https:\/\/www.my-olympe.com\/index.php\/wp-json\/wp\/v2\/users\/1"}],"replies":[{"embeddable":true,"href":"https:\/\/www.my-olympe.com\/index.php\/wp-json\/wp\/v2\/comments?post=13454"}],"version-history":[{"count":17,"href":"https:\/\/www.my-olympe.com\/index.php\/wp-json\/wp\/v2\/pages\/13454\/revisions"}],"predecessor-version":[{"id":13552,"href":"https:\/\/www.my-olympe.com\/index.php\/wp-json\/wp\/v2\/pages\/13454\/revisions\/13552"}],"wp:attachment":[{"href":"https:\/\/www.my-olympe.com\/index.php\/wp-json\/wp\/v2\/media?parent=13454"}],"curies":[{"name":"wp","href":"https:\/\/api.w.org\/{rel}","templated":true}]}}