{"id":13597,"date":"2022-03-03T16:59:29","date_gmt":"2022-03-03T15:59:29","guid":{"rendered":"http:\/\/www.my-olympe.com\/?page_id=13597"},"modified":"2023-09-11T15:15:32","modified_gmt":"2023-09-11T14:15:32","slug":"video-surveillance-controle-dacces","status":"publish","type":"page","link":"https:\/\/www.my-olympe.com\/index.php\/video-surveillance-controle-dacces\/","title":{"rendered":"Vid\u00e9o-Surveillance &#8211; Contr\u00f4le d&rsquo;Acc\u00e8s"},"content":{"rendered":"\n<p>Parmi les solutions pilot\u00e9es par domotiques, MY OLYMPE a d\u00e9ploy\u00e9 une comp\u00e9tence forte et des partenariats avec des marques reconnues dans le domaine de la <strong>Suret\u00e9 -S\u00e9curit\u00e9<\/strong>&nbsp;:<\/p>\n\n\n<div class=\"wp-block-image\">\n<figure class=\"alignright size-full is-resized\"><img loading=\"lazy\" decoding=\"async\" data-attachment-id=\"13601\" data-permalink=\"https:\/\/www.my-olympe.com\/index.php\/video-surveillance-controle-dacces\/controleacces\/\" data-orig-file=\"https:\/\/www.my-olympe.com\/wp-content\/uploads\/2022\/03\/controleAcces.png\" data-orig-size=\"337,336\" data-comments-opened=\"1\" data-image-meta=\"{&quot;aperture&quot;:&quot;0&quot;,&quot;credit&quot;:&quot;&quot;,&quot;camera&quot;:&quot;&quot;,&quot;caption&quot;:&quot;&quot;,&quot;created_timestamp&quot;:&quot;0&quot;,&quot;copyright&quot;:&quot;&quot;,&quot;focal_length&quot;:&quot;0&quot;,&quot;iso&quot;:&quot;0&quot;,&quot;shutter_speed&quot;:&quot;0&quot;,&quot;title&quot;:&quot;&quot;,&quot;orientation&quot;:&quot;0&quot;}\" data-image-title=\"controleAcces\" data-image-description=\"\" data-image-caption=\"\" data-large-file=\"https:\/\/www.my-olympe.com\/wp-content\/uploads\/2022\/03\/controleAcces.png\" src=\"http:\/\/www.my-olympe.com\/wp-content\/uploads\/2022\/03\/controleAcces.png\" alt=\"\" class=\"wp-image-13601\" style=\"width:257px;height:256px\" width=\"257\" height=\"256\" srcset=\"https:\/\/www.my-olympe.com\/wp-content\/uploads\/2022\/03\/controleAcces.png 337w, https:\/\/www.my-olympe.com\/wp-content\/uploads\/2022\/03\/controleAcces-300x300.png 300w, https:\/\/www.my-olympe.com\/wp-content\/uploads\/2022\/03\/controleAcces-150x150.png 150w\" sizes=\"auto, (max-width: 257px) 100vw, 257px\" \/><\/figure>\n<\/div>\n\n\n<p><\/p>\n\n\n\n<ul class=\"wp-block-list\">\n<li><strong>Vid\u00e9o-surveillance<\/strong> : architecture et int\u00e9gration de solutions globales<\/li>\n\n\n\n<li><strong>Contr\u00f4le d\u2019acc\u00e8s<\/strong> &#8211; Interphonie \u2013 Vid\u00e9ophonie (IP)<\/li>\n\n\n\n<li><strong>Alarmes* intrusion.<\/strong><\/li>\n<\/ul>\n\n\n\n<p><\/p>\n\n\n\n<p><\/p>\n\n\n\n<p>Mais aussi&nbsp;:<\/p>\n\n\n\n<ul class=\"wp-block-list\">\n<li><strong>Vid\u00e9o Management Software<\/strong> (VMS&nbsp;: stockage des images cam\u00e9ras) avec analyseur d\u2019images par Intelligence Artificielle,<\/li>\n\n\n\n<li><strong>Superviseurs <\/strong>\/ <strong>Hyperviseurs<\/strong>,<\/li>\n\n\n\n<li><strong>Configuration R\u00e9seaux et Serveurs<\/strong>.<\/li>\n<\/ul>\n\n\n\n<p><\/p>\n\n\n\n<p><\/p>\n\n\n\n<p><\/p>\n\n\n<div class=\"wp-block-image\">\n<figure class=\"aligncenter size-full\"><img loading=\"lazy\" decoding=\"async\" width=\"720\" height=\"289\" data-attachment-id=\"13603\" data-permalink=\"https:\/\/www.my-olympe.com\/index.php\/video-surveillance-controle-dacces\/reseau_cameras\/\" data-orig-file=\"https:\/\/www.my-olympe.com\/wp-content\/uploads\/2022\/03\/Reseau_Cameras.png\" data-orig-size=\"720,289\" data-comments-opened=\"1\" data-image-meta=\"{&quot;aperture&quot;:&quot;0&quot;,&quot;credit&quot;:&quot;&quot;,&quot;camera&quot;:&quot;&quot;,&quot;caption&quot;:&quot;&quot;,&quot;created_timestamp&quot;:&quot;0&quot;,&quot;copyright&quot;:&quot;&quot;,&quot;focal_length&quot;:&quot;0&quot;,&quot;iso&quot;:&quot;0&quot;,&quot;shutter_speed&quot;:&quot;0&quot;,&quot;title&quot;:&quot;&quot;,&quot;orientation&quot;:&quot;0&quot;}\" data-image-title=\"Reseau_Cameras\" data-image-description=\"\" data-image-caption=\"\" data-large-file=\"https:\/\/www.my-olympe.com\/wp-content\/uploads\/2022\/03\/Reseau_Cameras.png\" src=\"http:\/\/www.my-olympe.com\/wp-content\/uploads\/2022\/03\/Reseau_Cameras.png\" alt=\"\" class=\"wp-image-13603\" srcset=\"https:\/\/www.my-olympe.com\/wp-content\/uploads\/2022\/03\/Reseau_Cameras.png 720w, https:\/\/www.my-olympe.com\/wp-content\/uploads\/2022\/03\/Reseau_Cameras-300x120.png 300w, https:\/\/www.my-olympe.com\/wp-content\/uploads\/2022\/03\/Reseau_Cameras-600x241.png 600w\" sizes=\"auto, (max-width: 720px) 100vw, 720px\" \/><\/figure>\n<\/div>\n\n\n<p><em>Notre expertise en interop\u00e9rabilit\u00e9 de syst\u00e8mes multi-marques et multi-protocoles repose sur une collaboration de confiance avec les fabricants<\/em>.<\/p>\n\n\n\n<p><\/p>\n\n\n\n<p><\/p>\n\n\n\n<p>*<em><strong>My Olympe est partenaire <em><strong>certifi\u00e9<\/strong><\/em><\/strong><\/em> <em><strong>Ajax Systems<\/strong><\/em><\/p>\n\n\n\n<figure class=\"wp-block-image size-large is-resized\"><img loading=\"lazy\" decoding=\"async\" data-attachment-id=\"13680\" data-permalink=\"https:\/\/www.my-olympe.com\/index.php\/video-surveillance-controle-dacces\/fr-bl-logoslogan-v2-1\/\" data-orig-file=\"https:\/\/www.my-olympe.com\/wp-content\/uploads\/2023\/09\/FR-bl-logoslogan-v2-1.png\" data-orig-size=\"2715,317\" data-comments-opened=\"1\" data-image-meta=\"{&quot;aperture&quot;:&quot;0&quot;,&quot;credit&quot;:&quot;&quot;,&quot;camera&quot;:&quot;&quot;,&quot;caption&quot;:&quot;&quot;,&quot;created_timestamp&quot;:&quot;0&quot;,&quot;copyright&quot;:&quot;&quot;,&quot;focal_length&quot;:&quot;0&quot;,&quot;iso&quot;:&quot;0&quot;,&quot;shutter_speed&quot;:&quot;0&quot;,&quot;title&quot;:&quot;&quot;,&quot;orientation&quot;:&quot;0&quot;}\" data-image-title=\"FR-bl-logoslogan-v2-1\" data-image-description=\"\" data-image-caption=\"\" data-large-file=\"https:\/\/www.my-olympe.com\/wp-content\/uploads\/2023\/09\/FR-bl-logoslogan-v2-1-1024x120.png\" src=\"http:\/\/www.my-olympe.com\/wp-content\/uploads\/2023\/09\/FR-bl-logoslogan-v2-1-1024x120.png\" alt=\"\" class=\"wp-image-13680\" style=\"width:559px;height:65px\" width=\"559\" height=\"65\" srcset=\"https:\/\/www.my-olympe.com\/wp-content\/uploads\/2023\/09\/FR-bl-logoslogan-v2-1-1024x120.png 1024w, https:\/\/www.my-olympe.com\/wp-content\/uploads\/2023\/09\/FR-bl-logoslogan-v2-1-300x35.png 300w, https:\/\/www.my-olympe.com\/wp-content\/uploads\/2023\/09\/FR-bl-logoslogan-v2-1-768x90.png 768w, https:\/\/www.my-olympe.com\/wp-content\/uploads\/2023\/09\/FR-bl-logoslogan-v2-1-600x70.png 600w, https:\/\/www.my-olympe.com\/wp-content\/uploads\/2023\/09\/FR-bl-logoslogan-v2-1-1536x179.png 1536w, https:\/\/www.my-olympe.com\/wp-content\/uploads\/2023\/09\/FR-bl-logoslogan-v2-1-2048x239.png 2048w, https:\/\/www.my-olympe.com\/wp-content\/uploads\/2023\/09\/FR-bl-logoslogan-v2-1-1080x126.png 1080w, https:\/\/www.my-olympe.com\/wp-content\/uploads\/2023\/09\/FR-bl-logoslogan-v2-1-1320x154.png 1320w\" sizes=\"auto, (max-width: 559px) 100vw, 559px\" \/><\/figure>\n","protected":false},"excerpt":{"rendered":"<p>Parmi les solutions pilot\u00e9es par domotiques, MY OLYMPE a d\u00e9ploy\u00e9 une comp\u00e9tence forte et des partenariats avec des marques reconnues dans le domaine de la Suret\u00e9 -S\u00e9curit\u00e9&nbsp;: Mais aussi&nbsp;: Notre expertise en interop\u00e9rabilit\u00e9 de syst\u00e8mes multi-marques et multi-protocoles repose sur une collaboration de confiance avec les fabricants. *My Olympe est partenaire certifi\u00e9 Ajax Systems<\/p>\n","protected":false},"author":1,"featured_media":0,"parent":0,"menu_order":0,"comment_status":"closed","ping_status":"closed","template":"","meta":{"_et_pb_use_builder":"","_et_pb_old_content":"","footnotes":""},"class_list":["post-13597","page","type-page","status-publish","hentry"],"yoast_head":"<!-- This site is optimized with the Yoast SEO plugin v27.6 - https:\/\/yoast.com\/product\/yoast-seo-wordpress\/ -->\n<title>Vid\u00e9o-Surveillance - Contr\u00f4le d&#039;Acc\u00e8s - MY OLYMPE<\/title>\n<meta name=\"robots\" content=\"index, follow, max-snippet:-1, max-image-preview:large, max-video-preview:-1\" \/>\n<link rel=\"canonical\" href=\"http:\/\/www.my-olympe.com\/index.php\/video-surveillance-controle-dacces\/\" \/>\n<meta property=\"og:locale\" content=\"fr_FR\" \/>\n<meta property=\"og:type\" content=\"article\" \/>\n<meta property=\"og:title\" content=\"Vid\u00e9o-Surveillance - Contr\u00f4le d&#039;Acc\u00e8s - MY OLYMPE\" \/>\n<meta property=\"og:description\" content=\"Parmi les solutions pilot\u00e9es par domotiques, MY OLYMPE a d\u00e9ploy\u00e9 une comp\u00e9tence forte et des partenariats avec des marques reconnues dans le domaine de la Suret\u00e9 -S\u00e9curit\u00e9&nbsp;: Mais aussi&nbsp;: Notre expertise en interop\u00e9rabilit\u00e9 de syst\u00e8mes multi-marques et multi-protocoles repose sur une collaboration de confiance avec les fabricants. *My Olympe est partenaire certifi\u00e9 Ajax Systems\" \/>\n<meta property=\"og:url\" content=\"http:\/\/www.my-olympe.com\/index.php\/video-surveillance-controle-dacces\/\" \/>\n<meta property=\"og:site_name\" content=\"MY OLYMPE\" \/>\n<meta property=\"article:publisher\" content=\"https:\/\/www.facebook.com\/MyOlympe\/\" \/>\n<meta property=\"article:modified_time\" content=\"2023-09-11T14:15:32+00:00\" \/>\n<meta property=\"og:image\" content=\"http:\/\/www.my-olympe.com\/wp-content\/uploads\/2022\/03\/controleAcces.png\" \/>\n<meta name=\"twitter:card\" content=\"summary_large_image\" \/>\n<meta name=\"twitter:site\" content=\"@myolympe\" \/>\n<meta name=\"twitter:label1\" content=\"Dur\u00e9e de lecture estim\u00e9e\" \/>\n\t<meta name=\"twitter:data1\" content=\"1 minute\" \/>\n<script type=\"application\/ld+json\" class=\"yoast-schema-graph\">{\"@context\":\"https:\\\/\\\/schema.org\",\"@graph\":[{\"@type\":\"WebPage\",\"@id\":\"http:\\\/\\\/www.my-olympe.com\\\/index.php\\\/video-surveillance-controle-dacces\\\/\",\"url\":\"http:\\\/\\\/www.my-olympe.com\\\/index.php\\\/video-surveillance-controle-dacces\\\/\",\"name\":\"Vid\u00e9o-Surveillance - Contr\u00f4le d'Acc\u00e8s - MY OLYMPE\",\"isPartOf\":{\"@id\":\"http:\\\/\\\/www.my-olympe.com\\\/#website\"},\"primaryImageOfPage\":{\"@id\":\"http:\\\/\\\/www.my-olympe.com\\\/index.php\\\/video-surveillance-controle-dacces\\\/#primaryimage\"},\"image\":{\"@id\":\"http:\\\/\\\/www.my-olympe.com\\\/index.php\\\/video-surveillance-controle-dacces\\\/#primaryimage\"},\"thumbnailUrl\":\"http:\\\/\\\/www.my-olympe.com\\\/wp-content\\\/uploads\\\/2022\\\/03\\\/controleAcces.png\",\"datePublished\":\"2022-03-03T15:59:29+00:00\",\"dateModified\":\"2023-09-11T14:15:32+00:00\",\"breadcrumb\":{\"@id\":\"http:\\\/\\\/www.my-olympe.com\\\/index.php\\\/video-surveillance-controle-dacces\\\/#breadcrumb\"},\"inLanguage\":\"fr-FR\",\"potentialAction\":[{\"@type\":\"ReadAction\",\"target\":[\"http:\\\/\\\/www.my-olympe.com\\\/index.php\\\/video-surveillance-controle-dacces\\\/\"]}]},{\"@type\":\"ImageObject\",\"inLanguage\":\"fr-FR\",\"@id\":\"http:\\\/\\\/www.my-olympe.com\\\/index.php\\\/video-surveillance-controle-dacces\\\/#primaryimage\",\"url\":\"https:\\\/\\\/www.my-olympe.com\\\/wp-content\\\/uploads\\\/2022\\\/03\\\/controleAcces.png\",\"contentUrl\":\"https:\\\/\\\/www.my-olympe.com\\\/wp-content\\\/uploads\\\/2022\\\/03\\\/controleAcces.png\",\"width\":337,\"height\":336},{\"@type\":\"BreadcrumbList\",\"@id\":\"http:\\\/\\\/www.my-olympe.com\\\/index.php\\\/video-surveillance-controle-dacces\\\/#breadcrumb\",\"itemListElement\":[{\"@type\":\"ListItem\",\"position\":1,\"name\":\"Accueil\",\"item\":\"https:\\\/\\\/www.my-olympe.com\\\/\"},{\"@type\":\"ListItem\",\"position\":2,\"name\":\"Vid\u00e9o-Surveillance &#8211; Contr\u00f4le d&rsquo;Acc\u00e8s\"}]},{\"@type\":\"WebSite\",\"@id\":\"http:\\\/\\\/www.my-olympe.com\\\/#website\",\"url\":\"http:\\\/\\\/www.my-olympe.com\\\/\",\"name\":\"MY OLYMPE\",\"description\":\"Smart Building &amp; Solutions Connect\u00e9es\",\"potentialAction\":[{\"@type\":\"SearchAction\",\"target\":{\"@type\":\"EntryPoint\",\"urlTemplate\":\"http:\\\/\\\/www.my-olympe.com\\\/?s={search_term_string}\"},\"query-input\":{\"@type\":\"PropertyValueSpecification\",\"valueRequired\":true,\"valueName\":\"search_term_string\"}}],\"inLanguage\":\"fr-FR\"}]}<\/script>\n<!-- \/ Yoast SEO plugin. -->","yoast_head_json":{"title":"Vid\u00e9o-Surveillance - Contr\u00f4le d'Acc\u00e8s - MY OLYMPE","robots":{"index":"index","follow":"follow","max-snippet":"max-snippet:-1","max-image-preview":"max-image-preview:large","max-video-preview":"max-video-preview:-1"},"canonical":"http:\/\/www.my-olympe.com\/index.php\/video-surveillance-controle-dacces\/","og_locale":"fr_FR","og_type":"article","og_title":"Vid\u00e9o-Surveillance - Contr\u00f4le d'Acc\u00e8s - MY OLYMPE","og_description":"Parmi les solutions pilot\u00e9es par domotiques, MY OLYMPE a d\u00e9ploy\u00e9 une comp\u00e9tence forte et des partenariats avec des marques reconnues dans le domaine de la Suret\u00e9 -S\u00e9curit\u00e9&nbsp;: Mais aussi&nbsp;: Notre expertise en interop\u00e9rabilit\u00e9 de syst\u00e8mes multi-marques et multi-protocoles repose sur une collaboration de confiance avec les fabricants. *My Olympe est partenaire certifi\u00e9 Ajax Systems","og_url":"http:\/\/www.my-olympe.com\/index.php\/video-surveillance-controle-dacces\/","og_site_name":"MY OLYMPE","article_publisher":"https:\/\/www.facebook.com\/MyOlympe\/","article_modified_time":"2023-09-11T14:15:32+00:00","og_image":[{"url":"http:\/\/www.my-olympe.com\/wp-content\/uploads\/2022\/03\/controleAcces.png","type":"","width":"","height":""}],"twitter_card":"summary_large_image","twitter_site":"@myolympe","twitter_misc":{"Dur\u00e9e de lecture estim\u00e9e":"1 minute"},"schema":{"@context":"https:\/\/schema.org","@graph":[{"@type":"WebPage","@id":"http:\/\/www.my-olympe.com\/index.php\/video-surveillance-controle-dacces\/","url":"http:\/\/www.my-olympe.com\/index.php\/video-surveillance-controle-dacces\/","name":"Vid\u00e9o-Surveillance - Contr\u00f4le d'Acc\u00e8s - MY OLYMPE","isPartOf":{"@id":"http:\/\/www.my-olympe.com\/#website"},"primaryImageOfPage":{"@id":"http:\/\/www.my-olympe.com\/index.php\/video-surveillance-controle-dacces\/#primaryimage"},"image":{"@id":"http:\/\/www.my-olympe.com\/index.php\/video-surveillance-controle-dacces\/#primaryimage"},"thumbnailUrl":"http:\/\/www.my-olympe.com\/wp-content\/uploads\/2022\/03\/controleAcces.png","datePublished":"2022-03-03T15:59:29+00:00","dateModified":"2023-09-11T14:15:32+00:00","breadcrumb":{"@id":"http:\/\/www.my-olympe.com\/index.php\/video-surveillance-controle-dacces\/#breadcrumb"},"inLanguage":"fr-FR","potentialAction":[{"@type":"ReadAction","target":["http:\/\/www.my-olympe.com\/index.php\/video-surveillance-controle-dacces\/"]}]},{"@type":"ImageObject","inLanguage":"fr-FR","@id":"http:\/\/www.my-olympe.com\/index.php\/video-surveillance-controle-dacces\/#primaryimage","url":"https:\/\/www.my-olympe.com\/wp-content\/uploads\/2022\/03\/controleAcces.png","contentUrl":"https:\/\/www.my-olympe.com\/wp-content\/uploads\/2022\/03\/controleAcces.png","width":337,"height":336},{"@type":"BreadcrumbList","@id":"http:\/\/www.my-olympe.com\/index.php\/video-surveillance-controle-dacces\/#breadcrumb","itemListElement":[{"@type":"ListItem","position":1,"name":"Accueil","item":"https:\/\/www.my-olympe.com\/"},{"@type":"ListItem","position":2,"name":"Vid\u00e9o-Surveillance &#8211; Contr\u00f4le d&rsquo;Acc\u00e8s"}]},{"@type":"WebSite","@id":"http:\/\/www.my-olympe.com\/#website","url":"http:\/\/www.my-olympe.com\/","name":"MY OLYMPE","description":"Smart Building &amp; Solutions Connect\u00e9es","potentialAction":[{"@type":"SearchAction","target":{"@type":"EntryPoint","urlTemplate":"http:\/\/www.my-olympe.com\/?s={search_term_string}"},"query-input":{"@type":"PropertyValueSpecification","valueRequired":true,"valueName":"search_term_string"}}],"inLanguage":"fr-FR"}]}},"jetpack_sharing_enabled":true,"jetpack_shortlink":"https:\/\/wp.me\/P7JYxQ-3xj","jetpack-related-posts":[],"jetpack_likes_enabled":true,"_links":{"self":[{"href":"https:\/\/www.my-olympe.com\/index.php\/wp-json\/wp\/v2\/pages\/13597","targetHints":{"allow":["GET"]}}],"collection":[{"href":"https:\/\/www.my-olympe.com\/index.php\/wp-json\/wp\/v2\/pages"}],"about":[{"href":"https:\/\/www.my-olympe.com\/index.php\/wp-json\/wp\/v2\/types\/page"}],"author":[{"embeddable":true,"href":"https:\/\/www.my-olympe.com\/index.php\/wp-json\/wp\/v2\/users\/1"}],"replies":[{"embeddable":true,"href":"https:\/\/www.my-olympe.com\/index.php\/wp-json\/wp\/v2\/comments?post=13597"}],"version-history":[{"count":11,"href":"https:\/\/www.my-olympe.com\/index.php\/wp-json\/wp\/v2\/pages\/13597\/revisions"}],"predecessor-version":[{"id":13682,"href":"https:\/\/www.my-olympe.com\/index.php\/wp-json\/wp\/v2\/pages\/13597\/revisions\/13682"}],"wp:attachment":[{"href":"https:\/\/www.my-olympe.com\/index.php\/wp-json\/wp\/v2\/media?parent=13597"}],"curies":[{"name":"wp","href":"https:\/\/api.w.org\/{rel}","templated":true}]}}