{"id":13621,"date":"2022-04-12T14:42:09","date_gmt":"2022-04-12T13:42:09","guid":{"rendered":"http:\/\/www.my-olympe.com\/?page_id=13621"},"modified":"2022-04-14T09:50:45","modified_gmt":"2022-04-14T08:50:45","slug":"reprise-de-votre-ancienne-installation-domotique","status":"publish","type":"page","link":"https:\/\/www.my-olympe.com\/index.php\/reprise-de-votre-ancienne-installation-domotique\/","title":{"rendered":"Reprise de votre ancienne installation domotique"},"content":{"rendered":"\n<p>De nombreuses installations domotiques, r\u00e9sidentielles ou tertiaires, ont \u00e9t\u00e9 r\u00e9alis\u00e9es depuis le d\u00e9but des ann\u00e9es 2000. Certaines sont obsol\u00e8tes, car fond\u00e9es sur des protocoles qui n&rsquo;existent plus ou ne sont plus maintenus \u00e0 jour.<\/p>\n\n\n\n<p>D&rsquo;autres sont par contre totalement \u00e9volutives comme celles bas\u00e9es sur le protocole <img loading=\"lazy\" decoding=\"async\" width=\"50\" height=\"22\" data-attachment-id=\"13639\" data-permalink=\"https:\/\/www.my-olympe.com\/index.php\/reprise-de-votre-ancienne-installation-domotique\/knx\/\" data-orig-file=\"https:\/\/www.my-olympe.com\/wp-content\/uploads\/2022\/04\/KNX.png\" data-orig-size=\"186,83\" data-comments-opened=\"1\" data-image-meta=\"{&quot;aperture&quot;:&quot;0&quot;,&quot;credit&quot;:&quot;&quot;,&quot;camera&quot;:&quot;&quot;,&quot;caption&quot;:&quot;&quot;,&quot;created_timestamp&quot;:&quot;0&quot;,&quot;copyright&quot;:&quot;&quot;,&quot;focal_length&quot;:&quot;0&quot;,&quot;iso&quot;:&quot;0&quot;,&quot;shutter_speed&quot;:&quot;0&quot;,&quot;title&quot;:&quot;&quot;,&quot;orientation&quot;:&quot;0&quot;}\" data-image-title=\"KNX\" data-image-description=\"\" data-image-caption=\"\" data-large-file=\"https:\/\/www.my-olympe.com\/wp-content\/uploads\/2022\/04\/KNX.png\" class=\"wp-image-13639\" style=\"width: 50px;\" src=\"http:\/\/www.my-olympe.com\/wp-content\/uploads\/2022\/04\/KNX.png\" alt=\"\">.<\/p>\n\n\n\n<p>Nous avons d\u00e9velopp\u00e9 une proc\u00e9dure de travail pour l&rsquo;\u00e9tude et la mise \u00e0 jour des anciennes installations :<\/p>\n\n\n\n<p><strong><u>Jour 1<\/u><\/strong><span style=\"text-decoration: underline;\"><u> : <\/u> <\/span><strong>Sur site &#8211; Aucun d\u00e9montage<\/strong><\/p>\n\n\n\n<ul class=\"wp-block-list\"><li>Visite du (des) b\u00e2timents<\/li><li>R\u00e9cup\u00e9ration du plan des diff\u00e9rentes pi\u00e8ces<\/li><li>Lister les pi\u00e8ces et les fonctions KNX<\/li><li>Lister les modules de sorties<\/li><li>Rep\u00e9rer les num\u00e9ros des sorties par rapport aux entr\u00e9es<\/li><li>Audit du besoin : proposition de nouvelles fonctions<\/li><\/ul>\n\n\n\n<p><strong><u>Jour 2 : <\/u> Au bureau<\/strong><\/p>\n\n\n\n<ul class=\"wp-block-list\"><li>Cr\u00e9ation PROJET<\/li><li>Pr\u00e9paration de la programmation avec le logiciel sp\u00e9cifique (ETS)<\/li><li>Pr\u00e9paration de la documentation technique<\/li><li>Chiffrage des produits \u00e9ventuellement compl\u00e9mentaires (suite audit du besoin)<\/li><\/ul>\n\n\n\n<p><strong><u>Jour 3<\/u> :  Sur site<\/strong><\/p>\n\n\n\n<ul class=\"wp-block-list\"><li>D\u00e9montage de l\u2019appareillage mural<\/li><li>Installation des \u00e9vetnuels modules compl\u00e9mentaires<\/li><li>Programmation physique des participants entr\u00e9s<\/li><li>Cr\u00e9ation dans ETS des liens entr\u00e9es\u00a0\/ sorties<\/li><li>T\u00e9l\u00e9chargement programmation<\/li><li>Essais de fonctionnement<\/li><\/ul>\n\n\n\n<p><strong><u>Jour 4 : <\/u> Au bureau<\/strong><\/p>\n\n\n\n<ul class=\"wp-block-list\"><li>Finition programmation en ETS<\/li><li>Finition documentation technique<\/li><li>Sauvegarde, archivage projet<\/li><\/ul>\n\n\n\n<p><\/p>\n\n\n\n<p><\/p>\n\n\n\n<p>Pour toute information sur la reprise de votre ancienne, installation, <a href=\"http:\/\/www.my-olympe.com\/index.php\/contactez-nous\/\" target=\"_blank\" rel=\"noreferrer noopener\">contactez-nous<\/a>.<\/p>\n\n\n\n<p><\/p>\n","protected":false},"excerpt":{"rendered":"<p>De nombreuses installations domotiques, r\u00e9sidentielles ou tertiaires, ont \u00e9t\u00e9 r\u00e9alis\u00e9es depuis le d\u00e9but des ann\u00e9es 2000. Certaines sont obsol\u00e8tes, car fond\u00e9es sur des protocoles qui n&rsquo;existent plus ou ne sont plus maintenus \u00e0 jour. D&rsquo;autres sont par contre totalement \u00e9volutives comme celles bas\u00e9es sur le protocole . Nous avons d\u00e9velopp\u00e9 une proc\u00e9dure de travail pour [&hellip;]<\/p>\n","protected":false},"author":1,"featured_media":0,"parent":0,"menu_order":0,"comment_status":"closed","ping_status":"closed","template":"","meta":{"_et_pb_use_builder":"","_et_pb_old_content":"","footnotes":""},"class_list":["post-13621","page","type-page","status-publish","hentry"],"yoast_head":"<!-- This site is optimized with the Yoast SEO plugin v27.6 - https:\/\/yoast.com\/product\/yoast-seo-wordpress\/ -->\n<title>Reprise de votre ancienne installation domotique - MY OLYMPE<\/title>\n<meta name=\"robots\" content=\"index, follow, max-snippet:-1, max-image-preview:large, max-video-preview:-1\" \/>\n<link rel=\"canonical\" href=\"http:\/\/www.my-olympe.com\/index.php\/reprise-de-votre-ancienne-installation-domotique\/\" \/>\n<meta property=\"og:locale\" content=\"fr_FR\" \/>\n<meta property=\"og:type\" content=\"article\" \/>\n<meta property=\"og:title\" content=\"Reprise de votre ancienne installation domotique - MY OLYMPE\" \/>\n<meta property=\"og:description\" content=\"De nombreuses installations domotiques, r\u00e9sidentielles ou tertiaires, ont \u00e9t\u00e9 r\u00e9alis\u00e9es depuis le d\u00e9but des ann\u00e9es 2000. Certaines sont obsol\u00e8tes, car fond\u00e9es sur des protocoles qui n&rsquo;existent plus ou ne sont plus maintenus \u00e0 jour. D&rsquo;autres sont par contre totalement \u00e9volutives comme celles bas\u00e9es sur le protocole . Nous avons d\u00e9velopp\u00e9 une proc\u00e9dure de travail pour [&hellip;]\" \/>\n<meta property=\"og:url\" content=\"http:\/\/www.my-olympe.com\/index.php\/reprise-de-votre-ancienne-installation-domotique\/\" \/>\n<meta property=\"og:site_name\" content=\"MY OLYMPE\" \/>\n<meta property=\"article:publisher\" content=\"https:\/\/www.facebook.com\/MyOlympe\/\" \/>\n<meta property=\"article:modified_time\" content=\"2022-04-14T08:50:45+00:00\" \/>\n<meta property=\"og:image\" content=\"http:\/\/www.my-olympe.com\/wp-content\/uploads\/2022\/04\/KNX.png\" \/>\n<meta name=\"twitter:card\" content=\"summary_large_image\" \/>\n<meta name=\"twitter:site\" content=\"@myolympe\" \/>\n<meta name=\"twitter:label1\" content=\"Dur\u00e9e de lecture estim\u00e9e\" \/>\n\t<meta name=\"twitter:data1\" content=\"2 minutes\" \/>\n<script type=\"application\/ld+json\" class=\"yoast-schema-graph\">{\"@context\":\"https:\\\/\\\/schema.org\",\"@graph\":[{\"@type\":\"WebPage\",\"@id\":\"http:\\\/\\\/www.my-olympe.com\\\/index.php\\\/reprise-de-votre-ancienne-installation-domotique\\\/\",\"url\":\"http:\\\/\\\/www.my-olympe.com\\\/index.php\\\/reprise-de-votre-ancienne-installation-domotique\\\/\",\"name\":\"Reprise de votre ancienne installation domotique - MY OLYMPE\",\"isPartOf\":{\"@id\":\"http:\\\/\\\/www.my-olympe.com\\\/#website\"},\"primaryImageOfPage\":{\"@id\":\"http:\\\/\\\/www.my-olympe.com\\\/index.php\\\/reprise-de-votre-ancienne-installation-domotique\\\/#primaryimage\"},\"image\":{\"@id\":\"http:\\\/\\\/www.my-olympe.com\\\/index.php\\\/reprise-de-votre-ancienne-installation-domotique\\\/#primaryimage\"},\"thumbnailUrl\":\"http:\\\/\\\/www.my-olympe.com\\\/wp-content\\\/uploads\\\/2022\\\/04\\\/KNX.png\",\"datePublished\":\"2022-04-12T13:42:09+00:00\",\"dateModified\":\"2022-04-14T08:50:45+00:00\",\"breadcrumb\":{\"@id\":\"http:\\\/\\\/www.my-olympe.com\\\/index.php\\\/reprise-de-votre-ancienne-installation-domotique\\\/#breadcrumb\"},\"inLanguage\":\"fr-FR\",\"potentialAction\":[{\"@type\":\"ReadAction\",\"target\":[\"http:\\\/\\\/www.my-olympe.com\\\/index.php\\\/reprise-de-votre-ancienne-installation-domotique\\\/\"]}]},{\"@type\":\"ImageObject\",\"inLanguage\":\"fr-FR\",\"@id\":\"http:\\\/\\\/www.my-olympe.com\\\/index.php\\\/reprise-de-votre-ancienne-installation-domotique\\\/#primaryimage\",\"url\":\"https:\\\/\\\/www.my-olympe.com\\\/wp-content\\\/uploads\\\/2022\\\/04\\\/KNX.png\",\"contentUrl\":\"https:\\\/\\\/www.my-olympe.com\\\/wp-content\\\/uploads\\\/2022\\\/04\\\/KNX.png\",\"width\":186,\"height\":83},{\"@type\":\"BreadcrumbList\",\"@id\":\"http:\\\/\\\/www.my-olympe.com\\\/index.php\\\/reprise-de-votre-ancienne-installation-domotique\\\/#breadcrumb\",\"itemListElement\":[{\"@type\":\"ListItem\",\"position\":1,\"name\":\"Accueil\",\"item\":\"https:\\\/\\\/www.my-olympe.com\\\/\"},{\"@type\":\"ListItem\",\"position\":2,\"name\":\"Reprise de votre ancienne installation domotique\"}]},{\"@type\":\"WebSite\",\"@id\":\"http:\\\/\\\/www.my-olympe.com\\\/#website\",\"url\":\"http:\\\/\\\/www.my-olympe.com\\\/\",\"name\":\"MY OLYMPE\",\"description\":\"Smart Building &amp; Solutions Connect\u00e9es\",\"potentialAction\":[{\"@type\":\"SearchAction\",\"target\":{\"@type\":\"EntryPoint\",\"urlTemplate\":\"http:\\\/\\\/www.my-olympe.com\\\/?s={search_term_string}\"},\"query-input\":{\"@type\":\"PropertyValueSpecification\",\"valueRequired\":true,\"valueName\":\"search_term_string\"}}],\"inLanguage\":\"fr-FR\"}]}<\/script>\n<!-- \/ Yoast SEO plugin. -->","yoast_head_json":{"title":"Reprise de votre ancienne installation domotique - MY OLYMPE","robots":{"index":"index","follow":"follow","max-snippet":"max-snippet:-1","max-image-preview":"max-image-preview:large","max-video-preview":"max-video-preview:-1"},"canonical":"http:\/\/www.my-olympe.com\/index.php\/reprise-de-votre-ancienne-installation-domotique\/","og_locale":"fr_FR","og_type":"article","og_title":"Reprise de votre ancienne installation domotique - MY OLYMPE","og_description":"De nombreuses installations domotiques, r\u00e9sidentielles ou tertiaires, ont \u00e9t\u00e9 r\u00e9alis\u00e9es depuis le d\u00e9but des ann\u00e9es 2000. Certaines sont obsol\u00e8tes, car fond\u00e9es sur des protocoles qui n&rsquo;existent plus ou ne sont plus maintenus \u00e0 jour. D&rsquo;autres sont par contre totalement \u00e9volutives comme celles bas\u00e9es sur le protocole . Nous avons d\u00e9velopp\u00e9 une proc\u00e9dure de travail pour [&hellip;]","og_url":"http:\/\/www.my-olympe.com\/index.php\/reprise-de-votre-ancienne-installation-domotique\/","og_site_name":"MY OLYMPE","article_publisher":"https:\/\/www.facebook.com\/MyOlympe\/","article_modified_time":"2022-04-14T08:50:45+00:00","og_image":[{"url":"http:\/\/www.my-olympe.com\/wp-content\/uploads\/2022\/04\/KNX.png","type":"","width":"","height":""}],"twitter_card":"summary_large_image","twitter_site":"@myolympe","twitter_misc":{"Dur\u00e9e de lecture estim\u00e9e":"2 minutes"},"schema":{"@context":"https:\/\/schema.org","@graph":[{"@type":"WebPage","@id":"http:\/\/www.my-olympe.com\/index.php\/reprise-de-votre-ancienne-installation-domotique\/","url":"http:\/\/www.my-olympe.com\/index.php\/reprise-de-votre-ancienne-installation-domotique\/","name":"Reprise de votre ancienne installation domotique - MY OLYMPE","isPartOf":{"@id":"http:\/\/www.my-olympe.com\/#website"},"primaryImageOfPage":{"@id":"http:\/\/www.my-olympe.com\/index.php\/reprise-de-votre-ancienne-installation-domotique\/#primaryimage"},"image":{"@id":"http:\/\/www.my-olympe.com\/index.php\/reprise-de-votre-ancienne-installation-domotique\/#primaryimage"},"thumbnailUrl":"http:\/\/www.my-olympe.com\/wp-content\/uploads\/2022\/04\/KNX.png","datePublished":"2022-04-12T13:42:09+00:00","dateModified":"2022-04-14T08:50:45+00:00","breadcrumb":{"@id":"http:\/\/www.my-olympe.com\/index.php\/reprise-de-votre-ancienne-installation-domotique\/#breadcrumb"},"inLanguage":"fr-FR","potentialAction":[{"@type":"ReadAction","target":["http:\/\/www.my-olympe.com\/index.php\/reprise-de-votre-ancienne-installation-domotique\/"]}]},{"@type":"ImageObject","inLanguage":"fr-FR","@id":"http:\/\/www.my-olympe.com\/index.php\/reprise-de-votre-ancienne-installation-domotique\/#primaryimage","url":"https:\/\/www.my-olympe.com\/wp-content\/uploads\/2022\/04\/KNX.png","contentUrl":"https:\/\/www.my-olympe.com\/wp-content\/uploads\/2022\/04\/KNX.png","width":186,"height":83},{"@type":"BreadcrumbList","@id":"http:\/\/www.my-olympe.com\/index.php\/reprise-de-votre-ancienne-installation-domotique\/#breadcrumb","itemListElement":[{"@type":"ListItem","position":1,"name":"Accueil","item":"https:\/\/www.my-olympe.com\/"},{"@type":"ListItem","position":2,"name":"Reprise de votre ancienne installation domotique"}]},{"@type":"WebSite","@id":"http:\/\/www.my-olympe.com\/#website","url":"http:\/\/www.my-olympe.com\/","name":"MY OLYMPE","description":"Smart Building &amp; Solutions Connect\u00e9es","potentialAction":[{"@type":"SearchAction","target":{"@type":"EntryPoint","urlTemplate":"http:\/\/www.my-olympe.com\/?s={search_term_string}"},"query-input":{"@type":"PropertyValueSpecification","valueRequired":true,"valueName":"search_term_string"}}],"inLanguage":"fr-FR"}]}},"jetpack_sharing_enabled":true,"jetpack_shortlink":"https:\/\/wp.me\/P7JYxQ-3xH","jetpack-related-posts":[],"jetpack_likes_enabled":true,"_links":{"self":[{"href":"https:\/\/www.my-olympe.com\/index.php\/wp-json\/wp\/v2\/pages\/13621","targetHints":{"allow":["GET"]}}],"collection":[{"href":"https:\/\/www.my-olympe.com\/index.php\/wp-json\/wp\/v2\/pages"}],"about":[{"href":"https:\/\/www.my-olympe.com\/index.php\/wp-json\/wp\/v2\/types\/page"}],"author":[{"embeddable":true,"href":"https:\/\/www.my-olympe.com\/index.php\/wp-json\/wp\/v2\/users\/1"}],"replies":[{"embeddable":true,"href":"https:\/\/www.my-olympe.com\/index.php\/wp-json\/wp\/v2\/comments?post=13621"}],"version-history":[{"count":7,"href":"https:\/\/www.my-olympe.com\/index.php\/wp-json\/wp\/v2\/pages\/13621\/revisions"}],"predecessor-version":[{"id":13651,"href":"https:\/\/www.my-olympe.com\/index.php\/wp-json\/wp\/v2\/pages\/13621\/revisions\/13651"}],"wp:attachment":[{"href":"https:\/\/www.my-olympe.com\/index.php\/wp-json\/wp\/v2\/media?parent=13621"}],"curies":[{"name":"wp","href":"https:\/\/api.w.org\/{rel}","templated":true}]}}