{"id":334,"date":"2016-05-17T13:45:43","date_gmt":"2016-05-17T12:45:43","guid":{"rendered":"http:\/\/my-olympe.net\/?page_id=334"},"modified":"2020-06-15T12:49:37","modified_gmt":"2020-06-15T11:49:37","slug":"bureau-detudes-2","status":"publish","type":"page","link":"https:\/\/www.my-olympe.com\/index.php\/bureau-detudes-2\/","title":{"rendered":"Pourquoi travailler avec le bureau d&rsquo;Etudes MY OLYMPE ?"},"content":{"rendered":"<p>[et_pb_section fb_built=\u00a0\u00bb1&Prime; _builder_version=\u00a0\u00bb3.22&Prime;][et_pb_row _builder_version=\u00a0\u00bb3.26.6&Prime; background_size=\u00a0\u00bbinitial\u00a0\u00bb background_position=\u00a0\u00bbtop_left\u00a0\u00bb background_repeat=\u00a0\u00bbrepeat\u00a0\u00bb custom_margin=\u00a0\u00bb|auto|78px|auto||\u00a0\u00bb column_structure=\u00a0\u00bb3_5,2_5&Prime;][et_pb_column type=\u00a0\u00bb3_5&Prime; _builder_version=\u00a0\u00bb3.25&Prime; custom_padding=\u00a0\u00bb|||\u00a0\u00bb custom_padding__hover=\u00a0\u00bb|||\u00a0\u00bb][et_pb_text _builder_version=\u00a0\u00bb3.0.74&Prime; background_size=\u00a0\u00bbinitial\u00a0\u00bb background_position=\u00a0\u00bbtop_left\u00a0\u00bb background_repeat=\u00a0\u00bbrepeat\u00a0\u00bb]<\/p>\n<p><strong>&#8230; Et pourquoi cette image de t\u00e9l\u00e9commande de t\u00e9l\u00e9viseur ?!<\/strong><\/p>\n<p style=\"text-align: left;\">Lorsque vous utilisez votre t\u00e9l\u00e9commande, vous savez intuitivement que cela va marcher. Vous \u00eatres totalement certain qu&rsquo;en appuyant sur un bouton, vous allez commander d\u00e8s la premi\u00e8re tentative le changement des chaines, du son et les autres fonctionnalit\u00e9s propos\u00e9es.<\/p>\n<p>Le souci pour votre b\u00e2timent, c&rsquo;est que ce sont diff\u00e9rents acteurs qui fournissent les composants. Ces acteurs n&rsquo;\u00e9changent pas entre eux lorsqu&rsquo;ils r\u00e9pondent \u00e0 votre consultation. Pourquoi ne serait-il pas possible que cela fonctionne d\u00e8s la premi\u00e8re fois et que vous soyez certain que les fonctionnalit\u00e9s attendues d\u00e8s le d\u00e9but du projet soient mises en oeuvre.<br \/> C&rsquo;est comme s&rsquo;il manquait un architecte qui vous pr\u00e9sente les fonctions possibles, les \u00e9crit et s&rsquo;assure que le fonctionnement final attendu est r\u00e9alis\u00e9. <a href=\"http:\/\/www.my-olympe.com\/index.php\/contactez-nous\/\" target=\"_blank\" rel=\"noopener noreferrer\">MY OLYMPE<\/a> est cet architecte pour que votre projet soit \u00ab\u00a0<strong>smart<\/strong>\u00ab\u00a0<\/p>\n<p>[\/et_pb_text][\/et_pb_column][et_pb_column type=\u00a0\u00bb2_5&Prime; _builder_version=\u00a0\u00bb3.25&Prime; custom_padding=\u00a0\u00bb|||\u00a0\u00bb custom_padding__hover=\u00a0\u00bb|||\u00a0\u00bb][et_pb_image src=\u00a0\u00bbhttps:\/\/www.my-olympe.com\/wp-content\/uploads\/2018\/02\/Telecommande-1.png\u00a0\u00bb _builder_version=\u00a0\u00bb3.26.6&Prime; custom_padding=\u00a0\u00bb|||95px||\u00a0\u00bb][\/et_pb_image][\/et_pb_column][\/et_pb_row][et_pb_row _builder_version=\u00a0\u00bb3.26.6&Prime; column_structure=\u00a0\u00bb1_2,1_2&Prime;][et_pb_column _builder_version=\u00a0\u00bb3.26.6&Prime; type=\u00a0\u00bb1_2&Prime;][et_pb_text _builder_version=\u00a0\u00bb3.26.6&Prime;]<\/p>\n<h2><strong>Mieux qu\u2019un bureau d\u2019\u00e9tudes, un architecte \u00ab\u00a0fonctionnel\u00a0\u00bb<\/strong><\/h2>\n<p>Il est naturel de faire appel \u00e0 un architecte du b\u00e2timent pour concevoir un b\u00e2timent. Avec l\u2019arriv\u00e9e du \u00ab\u00a0Smart\u00a0\u00bb (<strong>SmartHome<\/strong>, <strong>SmartBuilding<\/strong>, <strong>SmartCity<\/strong>\u2026), le recours \u00e0 l\u2019architecte sp\u00e9cialis\u00e9 dans l&rsquo;ing\u00e9nierie entre peu \u00e0 peu dans les m\u0153urs.\u00a0Les m\u00e9tiers traditionnels du b\u00e2timent n\u2019int\u00e9grant pas encore la comp\u00e9tence en r\u00e9alisation d\u2019architectures fonctionnelles, il faut de nouveaux acteurs int\u00e9grant \u00e0 la fois l&rsquo;expertise dans le b\u00e2timent et dans le num\u00e9rique.<\/p>\n<p>Quand on arrive \u00e0 la livraison du chantier, et que ce devait fonctionner (la th\u00e9orie) ne marche pas (la pratique), c\u2019est bien que l\u2019on n\u2019a pas l\u2019intervenant qui permet \u00e0 chaque \u00e9tape de valider les produits et leur mise en service pour arriver \u00e0 r\u00e9pondre aux attentes initiales.<\/p>\n<p><a href=\"http:\/\/www.my-olympe.com\/index.php\/contactez-nous\/\" target=\"_blank\" rel=\"noopener noreferrer\">MY OLYMPE<\/a> propose une gamme services d\u2019\u00e9tudes et de prescription afin de r\u00e9pondre aux attentes des ma\u00eetres d\u2019ouvrages\u00a0: <strong>Expertise<\/strong> et <strong>assistance-conseil<\/strong>, <strong>\u00e9tudes<\/strong> ou <strong>missions d\u2019AMO<\/strong> (Assistance \u00e0 Ma\u00eetrise d\u2019Ouvrage).<\/p>\n<p>Ainsi, <a href=\"http:\/\/www.my-olympe.com\/index.php\/contactez-nous\/\" target=\"_blank\" rel=\"noopener noreferrer\">MY OLYMPE<\/a> vous informe sur les fonctionnalit\u00e9s possibles, recueille vos attentes \u00e0 court, moyen et long terme et leur ajoute un chiffrage.<\/p>\n<p>[\/et_pb_text][\/et_pb_column][et_pb_column _builder_version=\u00a0\u00bb3.26.6&Prime; type=\u00a0\u00bb1_2&Prime;][et_pb_image src=\u00a0\u00bbhttps:\/\/www.my-olympe.com\/wp-content\/uploads\/2018\/02\/Sans-titre.png\u00a0\u00bb _builder_version=\u00a0\u00bb3.26.6&Prime;][\/et_pb_image][\/et_pb_column][\/et_pb_row][et_pb_row _builder_version=\u00a0\u00bb3.26.6&Prime;][et_pb_column _builder_version=\u00a0\u00bb3.26.6&Prime; type=\u00a0\u00bb4_4&Prime;][et_pb_text _builder_version=\u00a0\u00bb3.26.6&Prime;]<\/p>\n<h2><b>De l\u2019id\u00e9e jusqu\u2019\u00e0\u00a0la mise en service, MY OLYMPE suit votre projet \u00ab\u00a0Smart\u00a0\u00bb<\/b><\/h2>\n<p>Nous vous proposons l&rsquo;ensemble des activit\u00e9s d&rsquo;accompagnement\u00a0 :<\/p>\n<ul>\n<li>Information sur les fonctionnalit\u00e9s possibles, recueil de vos attentes \u00e0 court, moyen et long terme et chiffrage de solutions correspondantes,<\/li>\n<li>Ecriture ou validation des documents de projet (APS, APD, CCTP),<\/li>\n<li>Assistance \u00e0 la passation de march\u00e9s en comparant les r\u00e9ponses aux consultations, et en questionnant les candidats sur leurs propositions,<\/li>\n<li>Suivi de chantier et coordination des acteurs des lots techniques,<\/li>\n<li>Validation des produits s\u00e9lectionn\u00e9s et de leur compatibilit\u00e9,<\/li>\n<li>Enfin, assistance \u00e0 la mise en service ou int\u00e9gration des produits technologiques install\u00e9s.<\/li>\n<\/ul>\n<p>Dans son positionnement, <a href=\"http:\/\/www.my-olympe.com\/index.php\/contactez-nous\/\" target=\"_blank\" rel=\"noopener noreferrer\">MY OLYMPE<\/a> est le <b>compl\u00e9ment des Ma\u00eetres\u00a0d\u2019Ouvrages innovants<\/b> et peut \u00e9galement assister les architectes ou bureaux d\u2019\u00e9tudes fluides dans des missions de prescription ou de ma\u00eetrise d\u2019\u0153uvre.<\/p>\n<h1><em><\/em><\/h1>\n<p>[\/et_pb_text][\/et_pb_column][\/et_pb_row][et_pb_row _builder_version=\u00a0\u00bb3.26.6&Prime;][et_pb_column _builder_version=\u00a0\u00bb3.26.6&Prime; type=\u00a0\u00bb4_4&Prime;][et_pb_testimonial _builder_version=\u00a0\u00bb3.26.6&Prime;]<\/p>\n<h1><em>\u00ab\u00a0Parce qu\u2019il faut connaitre le b\u00e2timent <u>et<\/u> le num\u00e9rique <\/em><\/h1>\n<h1><em>pour d\u00e9ployer d\u00e8s aujourd\u2019hui <\/em><\/h1>\n<h1><em>les b\u00e2timents <strong>connect\u00e9s<\/strong> et <strong>intelligents<\/strong> de demain !\u00a0\u00bb<\/em><\/h1>\n<p>[\/et_pb_testimonial][\/et_pb_column][\/et_pb_row][\/et_pb_section]<\/p>\n","protected":false},"excerpt":{"rendered":"<p>[et_pb_section fb_built=\u00a0\u00bb1&Prime; _builder_version=\u00a0\u00bb3.22&Prime;][et_pb_row _builder_version=\u00a0\u00bb3.26.6&Prime; background_size=\u00a0\u00bbinitial\u00a0\u00bb background_position=\u00a0\u00bbtop_left\u00a0\u00bb background_repeat=\u00a0\u00bbrepeat\u00a0\u00bb custom_margin=\u00a0\u00bb|auto|78px|auto||\u00a0\u00bb column_structure=\u00a0\u00bb3_5,2_5&Prime;][et_pb_column type=\u00a0\u00bb3_5&Prime; _builder_version=\u00a0\u00bb3.25&Prime; custom_padding=\u00a0\u00bb|||\u00a0\u00bb custom_padding__hover=\u00a0\u00bb|||\u00a0\u00bb][et_pb_text _builder_version=\u00a0\u00bb3.0.74&Prime; background_size=\u00a0\u00bbinitial\u00a0\u00bb background_position=\u00a0\u00bbtop_left\u00a0\u00bb background_repeat=\u00a0\u00bbrepeat\u00a0\u00bb] &#8230; Et pourquoi cette image de t\u00e9l\u00e9commande de t\u00e9l\u00e9viseur ?! Lorsque vous utilisez votre t\u00e9l\u00e9commande, vous savez intuitivement que cela va marcher. Vous \u00eatres totalement certain qu&rsquo;en appuyant sur un bouton, vous allez commander d\u00e8s la premi\u00e8re tentative [&hellip;]<\/p>\n","protected":false},"author":1,"featured_media":0,"parent":0,"menu_order":0,"comment_status":"closed","ping_status":"closed","template":"","meta":{"_et_pb_use_builder":"on","_et_pb_old_content":"<strong>... Et pourquoi cette image de t\u00e9l\u00e9commande de t\u00e9l\u00e9viseur ?!<\/strong>\n<p style=\"text-align: left;\">Lorsque vous utilisez votre t\u00e9l\u00e9commande, vous savez intuitivement que cela va marcher. Vous \u00eatres totalement certain qu'en appuyant sur un bouton, vous allez commander d\u00e8s la premi\u00e8re tentative le changement des chaines, du son et les autres fonctionnalit\u00e9s propos\u00e9es.<\/p>\nLe souci pour votre b\u00e2timent, c'est que ce sont diff\u00e9rents acteurs qui fournissent les composants. Ces acteurs n'\u00e9changent pas entre eux lorsqu'ils r\u00e9pondent \u00e0 votre consultation. Pourquoi ne serait-il pas possible que cela fonctionne d\u00e8s la premi\u00e8re fois et que vous soyez certain que les fonctionnalit\u00e9s attendues d\u00e8s le d\u00e9but du projet soient mises en oeuvre.\nC'est comme s'il manquait un architecte qui vous pr\u00e9sente les fonctions possibles, les \u00e9crit et s'assure que le fonctionnement final attendu est r\u00e9alis\u00e9. <a href=\"http:\/\/www.my-olympe.com\/index.php\/contactez-nous\/\" target=\"_blank\" rel=\"noopener\">MY OLYMPE<\/a> est cet architecte pour que votre projet soit \"<strong>smart<\/strong>\".\n<h2><strong>Mieux qu\u2019un bureau d\u2019\u00e9tudes, un architecte \u00ab\u00a0fonctionnel\u00a0\u00bb<\/strong><\/h2>\nIl est naturel de faire appel \u00e0 un architecte du b\u00e2timent pour concevoir un b\u00e2timent. Avec l\u2019arriv\u00e9e du \u00ab\u00a0Smart\u00a0\u00bb (<strong>SmartHome<\/strong>, <strong>SmartBuilding<\/strong>, <strong>SmartCity<\/strong>\u2026), le recours \u00e0 l\u2019architecte sp\u00e9cialis\u00e9 dans l'ing\u00e9nierie entre peu \u00e0 peu dans les m\u0153urs.\u00a0Les m\u00e9tiers traditionnels du b\u00e2timent n\u2019int\u00e9grant pas encore la comp\u00e9tence en r\u00e9alisation d\u2019architectures fonctionnelles, il faut de nouveaux acteurs int\u00e9grant \u00e0 la fois l'expertise dans le b\u00e2timent et dans le num\u00e9rique.\n\nQuand on arrive \u00e0 la livraison du chantier, et que ce devait fonctionner (la th\u00e9orie) ne marche pas (la pratique), c\u2019est bien que l\u2019on n\u2019a pas l\u2019intervenant qui permet \u00e0 chaque \u00e9tape de valider les produits et leur mise en service pour arriver \u00e0 r\u00e9pondre aux attentes initiales.\n\n<a href=\"http:\/\/www.my-olympe.com\/index.php\/contactez-nous\/\" target=\"_blank\" rel=\"noopener\">MY OLYMPE<\/a> propose une gamme services d\u2019\u00e9tudes et de prescription afin de r\u00e9pondre aux attentes des ma\u00eetres d\u2019ouvrages\u00a0: <strong>Expertise<\/strong> et <strong>assistance-conseil<\/strong>, <strong>\u00e9tudes<\/strong> ou <strong>missions d\u2019AMO<\/strong> (Assistance \u00e0 Ma\u00eetrise d\u2019Ouvrage).\n\nAinsi, <a href=\"http:\/\/www.my-olympe.com\/index.php\/contactez-nous\/\" target=\"_blank\" rel=\"noopener\">MY OLYMPE<\/a> vous informe sur les fonctionnalit\u00e9s possibles, recueille vos attentes \u00e0 court, moyen et long terme et leur ajoute un chiffrage.\n<h2><b>De l\u2019id\u00e9e jusqu\u2019\u00e0\u00a0la mise en service, MY OLYMPE suit votre projet \u00ab\u00a0Smart\u00a0\u00bb<\/b><\/h2>\nNous vous proposons l'ensemble des activit\u00e9s d'accompagnement\u00a0 :\n<ul>\n \t<li>Information sur les fonctionnalit\u00e9s possibles, recueil de vos attentes \u00e0 court, moyen et long terme et chiffrage de solutions correspondantes,<\/li>\n \t<li>Ecriture ou validation des documents de projet (APS, APD, CCTP),<\/li>\n \t<li>Assistance \u00e0 la passation de march\u00e9s en comparant les r\u00e9ponses aux consultations, et en questionnant les candidats sur leurs propositions,<\/li>\n \t<li>Suivi de chantier et coordination des acteurs des lots techniques,<\/li>\n \t<li>Validation des produits s\u00e9lectionn\u00e9s et de leur compatibilit\u00e9,<\/li>\n \t<li>Enfin, assistance \u00e0 la mise en service ou int\u00e9gration des produits technologiques install\u00e9s.<\/li>\n<\/ul>\nDans son positionnement, <a href=\"http:\/\/www.my-olympe.com\/index.php\/contactez-nous\/\" target=\"_blank\" rel=\"noopener\">MY OLYMPE<\/a> est le <b>compl\u00e9ment des Ma\u00eetres\u00a0d\u2019Ouvrages innovants<\/b> et peut \u00e9galement assister les architectes ou bureaux d\u2019\u00e9tudes fluides dans des missions de prescription ou de ma\u00eetrise d\u2019\u0153uvre.\n<h1 style=\"text-align: center;\"><em>\u00ab\u00a0Parce qu\u2019il faut connaitre le b\u00e2timent <u>et<\/u> le num\u00e9rique <\/em><\/h1>\n<h1 style=\"text-align: center;\"><em>pour d\u00e9ployer d\u00e8s aujourd\u2019hui <\/em><\/h1>\n<h1 style=\"text-align: center;\"><em>les b\u00e2timents <strong>connect\u00e9s<\/strong> et <strong>intelligents<\/strong> de demain !\u00a0\u00bb<\/em><\/h1>","jetpack_post_was_ever_published":false,"footnotes":""},"class_list":["post-334","page","type-page","status-publish","hentry"],"yoast_head":"<!-- This site is optimized with the Yoast SEO plugin v27.4 - https:\/\/yoast.com\/product\/yoast-seo-wordpress\/ -->\n<title>Pourquoi travailler avec le bureau d&#039;Etudes MY OLYMPE ? - MY OLYMPE<\/title>\n<meta name=\"robots\" content=\"index, follow, max-snippet:-1, max-image-preview:large, max-video-preview:-1\" \/>\n<link rel=\"canonical\" href=\"https:\/\/www.my-olympe.com\/index.php\/bureau-detudes-2\/\" \/>\n<meta property=\"og:locale\" content=\"fr_FR\" \/>\n<meta property=\"og:type\" content=\"article\" \/>\n<meta property=\"og:title\" content=\"Pourquoi travailler avec le bureau d&#039;Etudes MY OLYMPE ? - MY OLYMPE\" \/>\n<meta property=\"og:description\" content=\"[et_pb_section fb_built=\u00a0\u00bb1&Prime; _builder_version=\u00a0\u00bb3.22&Prime;][et_pb_row _builder_version=\u00a0\u00bb3.26.6&Prime; background_size=\u00a0\u00bbinitial\u00a0\u00bb background_position=\u00a0\u00bbtop_left\u00a0\u00bb background_repeat=\u00a0\u00bbrepeat\u00a0\u00bb custom_margin=\u00a0\u00bb|auto|78px|auto||\u00a0\u00bb column_structure=\u00a0\u00bb3_5,2_5&Prime;][et_pb_column type=\u00a0\u00bb3_5&Prime; _builder_version=\u00a0\u00bb3.25&Prime; custom_padding=\u00a0\u00bb|||\u00a0\u00bb custom_padding__hover=\u00a0\u00bb|||\u00a0\u00bb][et_pb_text _builder_version=\u00a0\u00bb3.0.74&Prime; background_size=\u00a0\u00bbinitial\u00a0\u00bb background_position=\u00a0\u00bbtop_left\u00a0\u00bb background_repeat=\u00a0\u00bbrepeat\u00a0\u00bb] &#8230; Et pourquoi cette image de t\u00e9l\u00e9commande de t\u00e9l\u00e9viseur ?! Lorsque vous utilisez votre t\u00e9l\u00e9commande, vous savez intuitivement que cela va marcher. Vous \u00eatres totalement certain qu&rsquo;en appuyant sur un bouton, vous allez commander d\u00e8s la premi\u00e8re tentative [&hellip;]\" \/>\n<meta property=\"og:url\" content=\"https:\/\/www.my-olympe.com\/index.php\/bureau-detudes-2\/\" \/>\n<meta property=\"og:site_name\" content=\"MY OLYMPE\" \/>\n<meta property=\"article:publisher\" content=\"https:\/\/www.facebook.com\/MyOlympe\/\" \/>\n<meta property=\"article:modified_time\" content=\"2020-06-15T11:49:37+00:00\" \/>\n<meta name=\"twitter:card\" content=\"summary_large_image\" \/>\n<meta name=\"twitter:site\" content=\"@myolympe\" \/>\n<meta name=\"twitter:label1\" content=\"Dur\u00e9e de lecture estim\u00e9e\" \/>\n\t<meta name=\"twitter:data1\" content=\"4 minutes\" \/>\n<script type=\"application\/ld+json\" class=\"yoast-schema-graph\">{\"@context\":\"https:\\\/\\\/schema.org\",\"@graph\":[{\"@type\":\"WebPage\",\"@id\":\"https:\\\/\\\/www.my-olympe.com\\\/index.php\\\/bureau-detudes-2\\\/\",\"url\":\"https:\\\/\\\/www.my-olympe.com\\\/index.php\\\/bureau-detudes-2\\\/\",\"name\":\"Pourquoi travailler avec le bureau d'Etudes MY OLYMPE ? - MY OLYMPE\",\"isPartOf\":{\"@id\":\"https:\\\/\\\/www.my-olympe.com\\\/#website\"},\"datePublished\":\"2016-05-17T12:45:43+00:00\",\"dateModified\":\"2020-06-15T11:49:37+00:00\",\"breadcrumb\":{\"@id\":\"https:\\\/\\\/www.my-olympe.com\\\/index.php\\\/bureau-detudes-2\\\/#breadcrumb\"},\"inLanguage\":\"fr-FR\",\"potentialAction\":[{\"@type\":\"ReadAction\",\"target\":[\"https:\\\/\\\/www.my-olympe.com\\\/index.php\\\/bureau-detudes-2\\\/\"]}]},{\"@type\":\"BreadcrumbList\",\"@id\":\"https:\\\/\\\/www.my-olympe.com\\\/index.php\\\/bureau-detudes-2\\\/#breadcrumb\",\"itemListElement\":[{\"@type\":\"ListItem\",\"position\":1,\"name\":\"Accueil\",\"item\":\"https:\\\/\\\/www.my-olympe.com\\\/\"},{\"@type\":\"ListItem\",\"position\":2,\"name\":\"Pourquoi travailler avec le bureau d&rsquo;Etudes MY OLYMPE ?\"}]},{\"@type\":\"WebSite\",\"@id\":\"https:\\\/\\\/www.my-olympe.com\\\/#website\",\"url\":\"https:\\\/\\\/www.my-olympe.com\\\/\",\"name\":\"MY OLYMPE\",\"description\":\"Smart Building &amp; Solutions Connect\u00e9es\",\"potentialAction\":[{\"@type\":\"SearchAction\",\"target\":{\"@type\":\"EntryPoint\",\"urlTemplate\":\"https:\\\/\\\/www.my-olympe.com\\\/?s={search_term_string}\"},\"query-input\":{\"@type\":\"PropertyValueSpecification\",\"valueRequired\":true,\"valueName\":\"search_term_string\"}}],\"inLanguage\":\"fr-FR\"}]}<\/script>\n<!-- \/ Yoast SEO plugin. -->","yoast_head_json":{"title":"Pourquoi travailler avec le bureau d'Etudes MY OLYMPE ? - MY OLYMPE","robots":{"index":"index","follow":"follow","max-snippet":"max-snippet:-1","max-image-preview":"max-image-preview:large","max-video-preview":"max-video-preview:-1"},"canonical":"https:\/\/www.my-olympe.com\/index.php\/bureau-detudes-2\/","og_locale":"fr_FR","og_type":"article","og_title":"Pourquoi travailler avec le bureau d'Etudes MY OLYMPE ? - MY OLYMPE","og_description":"[et_pb_section fb_built=\u00a0\u00bb1&Prime; _builder_version=\u00a0\u00bb3.22&Prime;][et_pb_row _builder_version=\u00a0\u00bb3.26.6&Prime; background_size=\u00a0\u00bbinitial\u00a0\u00bb background_position=\u00a0\u00bbtop_left\u00a0\u00bb background_repeat=\u00a0\u00bbrepeat\u00a0\u00bb custom_margin=\u00a0\u00bb|auto|78px|auto||\u00a0\u00bb column_structure=\u00a0\u00bb3_5,2_5&Prime;][et_pb_column type=\u00a0\u00bb3_5&Prime; _builder_version=\u00a0\u00bb3.25&Prime; custom_padding=\u00a0\u00bb|||\u00a0\u00bb custom_padding__hover=\u00a0\u00bb|||\u00a0\u00bb][et_pb_text _builder_version=\u00a0\u00bb3.0.74&Prime; background_size=\u00a0\u00bbinitial\u00a0\u00bb background_position=\u00a0\u00bbtop_left\u00a0\u00bb background_repeat=\u00a0\u00bbrepeat\u00a0\u00bb] &#8230; Et pourquoi cette image de t\u00e9l\u00e9commande de t\u00e9l\u00e9viseur ?! Lorsque vous utilisez votre t\u00e9l\u00e9commande, vous savez intuitivement que cela va marcher. Vous \u00eatres totalement certain qu&rsquo;en appuyant sur un bouton, vous allez commander d\u00e8s la premi\u00e8re tentative [&hellip;]","og_url":"https:\/\/www.my-olympe.com\/index.php\/bureau-detudes-2\/","og_site_name":"MY OLYMPE","article_publisher":"https:\/\/www.facebook.com\/MyOlympe\/","article_modified_time":"2020-06-15T11:49:37+00:00","twitter_card":"summary_large_image","twitter_site":"@myolympe","twitter_misc":{"Dur\u00e9e de lecture estim\u00e9e":"4 minutes"},"schema":{"@context":"https:\/\/schema.org","@graph":[{"@type":"WebPage","@id":"https:\/\/www.my-olympe.com\/index.php\/bureau-detudes-2\/","url":"https:\/\/www.my-olympe.com\/index.php\/bureau-detudes-2\/","name":"Pourquoi travailler avec le bureau d'Etudes MY OLYMPE ? - MY OLYMPE","isPartOf":{"@id":"https:\/\/www.my-olympe.com\/#website"},"datePublished":"2016-05-17T12:45:43+00:00","dateModified":"2020-06-15T11:49:37+00:00","breadcrumb":{"@id":"https:\/\/www.my-olympe.com\/index.php\/bureau-detudes-2\/#breadcrumb"},"inLanguage":"fr-FR","potentialAction":[{"@type":"ReadAction","target":["https:\/\/www.my-olympe.com\/index.php\/bureau-detudes-2\/"]}]},{"@type":"BreadcrumbList","@id":"https:\/\/www.my-olympe.com\/index.php\/bureau-detudes-2\/#breadcrumb","itemListElement":[{"@type":"ListItem","position":1,"name":"Accueil","item":"https:\/\/www.my-olympe.com\/"},{"@type":"ListItem","position":2,"name":"Pourquoi travailler avec le bureau d&rsquo;Etudes MY OLYMPE ?"}]},{"@type":"WebSite","@id":"https:\/\/www.my-olympe.com\/#website","url":"https:\/\/www.my-olympe.com\/","name":"MY OLYMPE","description":"Smart Building &amp; Solutions Connect\u00e9es","potentialAction":[{"@type":"SearchAction","target":{"@type":"EntryPoint","urlTemplate":"https:\/\/www.my-olympe.com\/?s={search_term_string}"},"query-input":{"@type":"PropertyValueSpecification","valueRequired":true,"valueName":"search_term_string"}}],"inLanguage":"fr-FR"}]}},"jetpack_sharing_enabled":true,"jetpack_shortlink":"https:\/\/wp.me\/P7JYxQ-5o","jetpack-related-posts":[],"jetpack_likes_enabled":true,"_links":{"self":[{"href":"https:\/\/www.my-olympe.com\/index.php\/wp-json\/wp\/v2\/pages\/334","targetHints":{"allow":["GET"]}}],"collection":[{"href":"https:\/\/www.my-olympe.com\/index.php\/wp-json\/wp\/v2\/pages"}],"about":[{"href":"https:\/\/www.my-olympe.com\/index.php\/wp-json\/wp\/v2\/types\/page"}],"author":[{"embeddable":true,"href":"https:\/\/www.my-olympe.com\/index.php\/wp-json\/wp\/v2\/users\/1"}],"replies":[{"embeddable":true,"href":"https:\/\/www.my-olympe.com\/index.php\/wp-json\/wp\/v2\/comments?post=334"}],"version-history":[{"count":17,"href":"https:\/\/www.my-olympe.com\/index.php\/wp-json\/wp\/v2\/pages\/334\/revisions"}],"predecessor-version":[{"id":13421,"href":"https:\/\/www.my-olympe.com\/index.php\/wp-json\/wp\/v2\/pages\/334\/revisions\/13421"}],"wp:attachment":[{"href":"https:\/\/www.my-olympe.com\/index.php\/wp-json\/wp\/v2\/media?parent=334"}],"curies":[{"name":"wp","href":"https:\/\/api.w.org\/{rel}","templated":true}]}}